{"id":927,"date":"2014-11-01T15:49:27","date_gmt":"2014-11-01T14:49:27","guid":{"rendered":"http:\/\/macchiavalfortore.info\/?page_id=927"},"modified":"2014-11-30T21:14:13","modified_gmt":"2014-11-30T20:14:13","slug":"opera-ipogea-2012","status":"publish","type":"page","link":"https:\/\/macchiavalfortore.info\/?page_id=927","title":{"rendered":"Opera Ipogea"},"content":{"rendered":"<p><a href=\"https:\/\/macchiavalfortore.info\/wp-content\/uploads\/2014\/11\/Ebanista-Mancini-Cincindella_2012-libre.pdf\" target=\"_blank\"><img loading=\"lazy\" decoding=\"async\" class=\"alignleft wp-image-911 size-medium\" src=\"https:\/\/macchiavalfortore.info\/wp-content\/uploads\/2014\/11\/Opera-ipogea-copertina-212x300.jpg\" alt=\"Opera ipogea copertina\" width=\"212\" height=\"300\" \/><\/a> Le cavit\u00e0 artificiali di Macchia Valfortore (Campobasso, Molise)<br \/>\nCarlo Ebanista, Massimo Mancini, Ilenia Cincindella<\/p>\n<p>Lo studio delle cavit\u00e0 artificiali del Molise non ha una lunga tradizione, anche se le prime segnalazioni risalgono alla prima met\u00e0 dell\u2019Ottocento. Le prime indagini sistematiche sono state intraprese dalla Associazione Speleologi Molisani alla fine del secolo scorso. L\u2019Associazione ide\u00f2 un primo tentativo di censimento generale, favorendo la conoscenza di alcune unit\u00e0 rupestri le quali non erano ancora note alla comunit\u00e0 scientifica. Quando l\u2019Associazione ha aderito alla Commissione Cavit\u00e0 Artificiali della Societ\u00e0 Speleologica Italiana (SSI), ha provveduto ad accatastare, secondo i criteri suggeriti dalla stessa Societ\u00e0, le prime cavit\u00e0.<br \/>\nUn ulteriore contributo sulla ricerca svolta in Molise \u00e8 stato realizzato in occasione del censimento nazionale degli acquedotti ipogei d\u2019Italia. Negli ultimi anni l\u2019Universit\u00e0 del Molise, in collaborazione con l\u2019Associazione, ha avviato un progetto di ricerca finalizzato allo studio delle cavit\u00e0 artificiali esistenti nel territorio regionale. Tra i numerosi siti finora studiati, rientrano il territorio e l\u2019abitato di Macchia Valfortore, centro collinare ubicato nella valle del Fortore in provincia di Campobasso, dov\u2019\u00e8 presente un considerevole numero di ipogei artificiali scavati, in varie epoche, negli affioramenti di arenarie e sabbie plioceniche. Le cavit\u00e0 si presentano in parte chiuse da murature con uno o pi\u00f9 ingressi; alcune sono fatiscenti o interamente crollate, altre, invece, sono tuttora utilizzate come depositi. Le indagini sinora condotte hanno consentito di individuare e catalogare 81 cavit\u00e0 distribuite in 12 nuclei. Sulla base della pianta e delle dimensioni delle cavit\u00e0, abbiamo individuato 4 tipologie con caratteristiche sostanzialmente ripetitive (C1-C4). Gli archi d\u2019accesso alle cavit\u00e0 sono chiusi da un paramento in muratura, nel quale si aprono porte e finestre. L\u2019inedita documentazione d\u2019archivio, attualmente in corso di studio, permette di collocare l\u2019escavazione degli ipogei in un arco cronologico compreso tra gli inizi del XVII secolo e la prima met\u00e0 del Novecento.<\/p>\n","protected":false},"excerpt":{"rendered":"<p>Le cavit\u00e0 artificiali di Macchia Valfortore (Campobasso, Molise) Carlo Ebanista, Massimo Mancini, Ilenia Cincindella Lo studio delle cavit\u00e0 artificiali del Molise non ha una lunga tradizione, anche se le prime segnalazioni risalgono alla prima&#46;&#46;&#46;<\/p>\n","protected":false},"author":1,"featured_media":0,"parent":862,"menu_order":0,"comment_status":"closed","ping_status":"closed","template":"","meta":{"ngg_post_thumbnail":0,"footnotes":""},"class_list":["post-927","page","type-page","status-publish","hentry"],"_links":{"self":[{"href":"https:\/\/macchiavalfortore.info\/index.php?rest_route=\/wp\/v2\/pages\/927","targetHints":{"allow":["GET"]}}],"collection":[{"href":"https:\/\/macchiavalfortore.info\/index.php?rest_route=\/wp\/v2\/pages"}],"about":[{"href":"https:\/\/macchiavalfortore.info\/index.php?rest_route=\/wp\/v2\/types\/page"}],"author":[{"embeddable":true,"href":"https:\/\/macchiavalfortore.info\/index.php?rest_route=\/wp\/v2\/users\/1"}],"replies":[{"embeddable":true,"href":"https:\/\/macchiavalfortore.info\/index.php?rest_route=%2Fwp%2Fv2%2Fcomments&post=927"}],"version-history":[{"count":0,"href":"https:\/\/macchiavalfortore.info\/index.php?rest_route=\/wp\/v2\/pages\/927\/revisions"}],"up":[{"embeddable":true,"href":"https:\/\/macchiavalfortore.info\/index.php?rest_route=\/wp\/v2\/pages\/862"}],"wp:attachment":[{"href":"https:\/\/macchiavalfortore.info\/index.php?rest_route=%2Fwp%2Fv2%2Fmedia&parent=927"}],"curies":[{"name":"wp","href":"https:\/\/api.w.org\/{rel}","templated":true}]}}