{"id":876,"date":"2014-10-29T19:14:20","date_gmt":"2014-10-29T18:14:20","guid":{"rendered":"http:\/\/macchiavalfortore.info\/?page_id=876"},"modified":"2016-07-31T16:45:07","modified_gmt":"2016-07-31T14:45:07","slug":"la-battaglia-di-canne","status":"publish","type":"page","link":"https:\/\/macchiavalfortore.info\/?page_id=876","title":{"rendered":"la battaglia di Canne"},"content":{"rendered":"<p><a href=\"https:\/\/macchiavalfortore.info\/wp-content\/uploads\/2014\/10\/La-battaglia-di-Canne.pdf\" target=\"_blank\"><img loading=\"lazy\" decoding=\"async\" class=\"alignleft wp-image-910 size-medium\" src=\"https:\/\/macchiavalfortore.info\/wp-content\/uploads\/2014\/11\/La-battaglia-di-Canne-copertina-212x300.jpg\" alt=\"La battaglia di Canne copertina\" width=\"212\" height=\"300\" \/><\/a><\/p>\n<p>LA BATTAGLIA DI CANNE<br \/>\na cura di Paolo Angelo Furbesco<\/p>\n<p>Luogo della battaglia: Ofanto o Fortore?<\/p>\n<p>Sfogliando le pagine della storia, ho appreso che nel 216 avanti Cristo, Roma sub\u00ec la sconfitta pi\u00f9 drammatica e terribile di tutta la sua era. Accadde durante la seconda guerra punica combattuta tra Romani e Cartaginesi, nella battaglia di Cannae (Canne), considerata tuttora un capolavoro dell\u2019arte militare per la manovra di accerchiamento compiuta da un esercito numericamente inferiore agli avversari. Stiamo parlando forse del pi\u00f9 importante evento bellico dell\u2019antichit\u00e0. In un solo giorno cost\u00f2 all\u2019esercito capitolino l\u2019annientamento di 14 legioni su 16, con la distruzione della sua cavalleria e di quella degli alleati. Si dice, a ragion veduta, che la battaglia di Canne sia stata una delle pi\u00f9 importanti della storia.<br \/>\nMa dove effettivamente accadde tutto questo? Sul fiume Ofanto (Auphidos per i Greci, Aufidus per i Romani) o sul fiume Fortore, anticamente citato come Aufidum tramutato poi in Fer-tor, Fert-ur, Frento, Frentone (o Frontone)?<br \/>\nSecondo la storiografia ufficiale la battaglia in argomento avvenne il 2 agosto del 216 a. C. all\u2019interno del territorio attualmente delimitato dal triangolo Barletta\/Canosa\/ San Ferdinando di Puglia, nella localit\u00e0 attuale di Canne di Battaglia (forse una delle localit\u00e0 pi\u00f9 note dal punto di vista storiografico della regione pugliese), nelle vicinanze del fiume Ofanto. Da sempre questa interpretazione &#8211; anche se controversa &#8211; \u00e8 stata ritenuta attendibile, ma da vent\u2019anni a questa parte, grazie agli studi e all\u2019impegno di Antonio Fratangelo, professore e ricercatore storico, e di altri numerosi esperti studiosi (Giuseppe De Marco, Arturo Salerno, Lanfranco Sanna, Elisa Laurelli\u2026), in conformit\u00e0 a recenti studi basati sull\u2019esame dei documenti storici e dei rilevamenti archeologici, si \u00e8 sviluppata un\u2019altra tesi che colloca lo scontro lungo le rive del fiume Fortore alla confluenza con il torrente Tappino, ovvero nell\u2019attuale invaso del lago Occhito, nei territori comunali di Gambatesa (provincia di Campobasso) e Celenza-Carlantino (provincia di Foggia). Quindi a pochi chilometri dal territorio di San Bartolomeo in Galdo.<br \/>\nErrori e questioni contraddittorie nella ricerca storica sono numerosi e l\u2019enigma riguardante il luogo ove effettivamente fu combattuta la battaglia cosiddetta di Canne \u00e8 ancora oggi difficile da chiarire. La localizzazione e l\u2019andamento della battaglia sono stati a lungo dibattuti, anche per l\u2019incertezza delle fonti antiche (vedi, ad esempio, la scoperta del sepolcreto in localit\u00e0 Fontanella, ritenuto in un primo tempo quello dei caduti della battaglia e che dopo recenti scavi sembra invece da attribuire all\u2019et\u00e0 medioevale).<br \/>\n\u2039\u2039Nel ricostruire un evento storico, c\u2019\u00e8 l\u2019obbligo di attenersi a quello che ci hanno tramandato le fonti, letterarie o epigrafiche o archeologiche che siano, sia pure sottoposte a esame critico, che consta di due momenti fondamentali, una parte destruens che colga i limiti o le inesattezze, e una parte construens che risponda alla veridicit\u00e0: ogni fonte \u00e8 costruzione fatta da un preciso autore soggetto a tutti i limiti della personalit\u00e0 umana o d\u2019una fazione interessata a presentare la propria verit\u00e0\u203a\u203a. (Vito Antonio Sirago, dal libro La battaglia di Canne, estratto da \u201cArchivio Storico Pugliese\u201d, Anno LII, Fasc. I-IV, Gennaio-Dicembre 1999).<br \/>\nDi conseguenza, nell\u2019ambito di questa ricerca, ci prover\u00f2 anch\u2019io. Per evitare le trappole delle classiche fantasie campanilistiche, \u00e8 d\u2019obbligo ritornare alla storia antica, citando gli storici o storiografi che per primi si occuparono e scrissero della celebre battaglia, tenendo presente che i Romani, per magnificare la loro vittoria finale, tendono ad accrescere la potenza degli avversari; che ricordano volentieri le loro grandi sconfitte; che bisogna essere guardinghi nell\u2019accogliere le loro notizie. Del resto la storia romana \u00e8 quasi sempre impostata in questi termini: dapprima i Romani hanno la peggio, poi si riprendono, infine vincono. Si forma la concezione che Roma pu\u00f2 perdere molte battaglie, ma alla fine ne esce sempre vincitrice.<\/p>\n","protected":false},"excerpt":{"rendered":"<p>LA BATTAGLIA DI CANNE a cura di Paolo Angelo Furbesco Luogo della battaglia: Ofanto o Fortore? Sfogliando le pagine della storia, ho appreso che nel 216 avanti Cristo, Roma sub\u00ec la sconfitta pi\u00f9 drammatica&#46;&#46;&#46;<\/p>\n","protected":false},"author":1,"featured_media":0,"parent":862,"menu_order":0,"comment_status":"closed","ping_status":"closed","template":"","meta":{"ngg_post_thumbnail":0,"footnotes":""},"class_list":["post-876","page","type-page","status-publish","hentry"],"_links":{"self":[{"href":"https:\/\/macchiavalfortore.info\/index.php?rest_route=\/wp\/v2\/pages\/876","targetHints":{"allow":["GET"]}}],"collection":[{"href":"https:\/\/macchiavalfortore.info\/index.php?rest_route=\/wp\/v2\/pages"}],"about":[{"href":"https:\/\/macchiavalfortore.info\/index.php?rest_route=\/wp\/v2\/types\/page"}],"author":[{"embeddable":true,"href":"https:\/\/macchiavalfortore.info\/index.php?rest_route=\/wp\/v2\/users\/1"}],"replies":[{"embeddable":true,"href":"https:\/\/macchiavalfortore.info\/index.php?rest_route=%2Fwp%2Fv2%2Fcomments&post=876"}],"version-history":[{"count":0,"href":"https:\/\/macchiavalfortore.info\/index.php?rest_route=\/wp\/v2\/pages\/876\/revisions"}],"up":[{"embeddable":true,"href":"https:\/\/macchiavalfortore.info\/index.php?rest_route=\/wp\/v2\/pages\/862"}],"wp:attachment":[{"href":"https:\/\/macchiavalfortore.info\/index.php?rest_route=%2Fwp%2Fv2%2Fmedia&parent=876"}],"curies":[{"name":"wp","href":"https:\/\/api.w.org\/{rel}","templated":true}]}}