{"id":1933,"date":"2016-07-31T14:37:06","date_gmt":"2016-07-31T12:37:06","guid":{"rendered":"http:\/\/macchiavalfortore.info\/?page_id=1933"},"modified":"2016-07-31T16:55:46","modified_gmt":"2016-07-31T14:55:46","slug":"i-vigili-del-fuoco-di-trento","status":"publish","type":"page","link":"https:\/\/macchiavalfortore.info\/?page_id=1933","title":{"rendered":"i Vigili del Fuoco di Trento"},"content":{"rendered":"<p>Era il 31 ottobre del 2002 quando una violenta scossa di terremoto port\u00f2 la morte in una scuola di San Giuliano di Puglia gettando scompiglio in decine di paesi vicini all\u2019epicentro. Tra questi anche Macchia Valfortore, piccolo borgo molisano abitato da poco meno di ottocento anime. E\u2019 qui che si sono concentrati gli aiuti provenienti dal Trentino. Ed \u00e8 qui che i tristi giorni del terremoto sono stati ricordati all\u2019insegna dell\u2019amicizia nel frattempo nata fra le due comunit\u00e1. L\u2019occasione \u00e9 stata offerta dall\u2019inaugurazione del nuovo Centro di protezione civile, progettato e finanziato dalla Provincia autonoma di Trento con il contributo del Consorzio dei Comuni e di alcune comunit\u00e1 delle Giudicarie. Invitati dal sindaco, Tonino Carozza che anche in questa occasione ha rinnovato la gratitudine verso chi ha teso una mano amica, sono stati molti i trentini che hanno voluto prendere parte alla cerimonia, dai responsabili della protezione civile, guidati dall\u2019assessore Silvano Grisenti, presente anche il dirigente generale, Claudio Bortolotti, al sindaco di Tione, Vincenzo Zubani, accompagnato dai colleghi I trentini lasciano il segno a Macchia Valfortore A cinque anni dal terremoto inaugurato il nuovo centro di emergenza Giampaolo Pedrotti di Bondo, Bolbeno, Breguzzo, Daone, Montagne, Preore, Ragoli, Zuclo, ma anche dai rappresentanti dell\u2019associazione \u201cNoi per il Molise\u201d (ha parlato la vicepresidente, Katia Amistadi), dai vigili del fuoco volontari di Tione (presenti col loro comandante, Sergio Armani) e dalla banda che ha aperto il corteo diretto alla nuova struttura. Quest\u2019ultima sorge ai piedi del paese, appresso al campo sportivo: antisismica e dotata di moderni impianti tecnologici, servir\u00e0 non solo per le eventuali emergenze, ma soprattutto per dare uno spazio di aggregazione sociale e culturale ad una comunit\u00e1 che ha voglia di guardare al futuro. \u201cNon siamo qui per darvi un dono \u2013 ha spiegato l\u2019assessore Silvano Grisenti subito dopo il taglio del nastro \u2013 ma per dirvi che anche il Trentino vi \u00e8 riconoscente, perch\u00e9 ci avete dato modo di riaffermare i valori della solidariet\u00e1 e dell\u2019impegno. Valori che non si apprendono sui libri ma che vanno vissuti nel quotidiano. Questa \u00e8 la vostra casa. Usatela bene, dunque, coscienti del fatto che \u00e9 un patrimonio di tutti\u201d. Il progetto esecutivo a firma dell\u2019ingegner Gianfranco Cesarini Sforza, dirigente del Servizio Prevenzione Rischi, \u00e8 stato approvato dal Consiglio Comunale di Macchia Valfortore il 27 novembre 2003. La spesa sostenuta \u00e8 di 920.000 euro. L\u2019edificio \u00e8 stato realizzato nella zona dell\u2019area sportiva ai margini del centro storico del paese di Macchia Valfortore (CB), in Via Silvio Pellico. Macchia Valfortore a 477\u00a0metri sopra il livello del mare nei pressi del lago di Occhito, invaso artificiale della diga omonima conta attualmente 760 abitanti. Nella progettazione dell\u2019immobile \u00e8 stata dedicata particolare attenzione nel far s\u00ed che il volume si armonizzi con le caratteristiche costruttive tradizionali della zona, prendendo come esempio i frantoi ed i depositi agricoli unendo ad essi alcuni dei caratteri formali del modo di costruire della tradizione alpina, individuati nel tradizionale aspetto del fienile, elemento d\u2019unione della nostra cultura produttiva ed abitativa. \u00c8 stata adottata per l\u2019esterno la tipologia costruttiva tradizionale locale (con muratura in pietra intonacata e tetto a due falde), anche se sono state impiegate strutture prefabbricate di legno intonacato. L\u2019edificio \u00e8 composto da due piani fuori terra compreso il sottotetto abitabile per un volume complessivo di circa metri cubi 1800 fuori terra, nel rispetto delle altezze e distanze dalla strada comunale previste dal Pdf. E\u2019 pure stata recuperata l\u2019area limitrofa all\u2019edificio mediante la regimazione di due canali esistenti a cielo aperto, l\u2019asfaltatura della strada di accesso all\u2019immobile a dell\u2019ampio parcheggio e la realizzazione di aree a verde complete di piante e panchine in legno. I lavori sono stati diretti dall\u2019ingegner Lorenzo Santuliana e dal geometra Daniele Biada del Servizio Prevenzione Rischi della Provincia di Trento con la collaborazione dell\u2019ingegner Roberto di Cesare di Campobasso. All\u2019ingresso \u00e8 stata posizionata una struttura scultorea in legno a supporto di una targa su cui si legge: \u201cdalla solidariet\u00e0 nasce la speranza per il futuro\u201d.<\/p>\n<p>da Il Pompiere del Trentino &#8211; Estate 2007<\/p>\n","protected":false},"excerpt":{"rendered":"<p>Era il 31 ottobre del 2002 quando una violenta scossa di terremoto port\u00f2 la morte in una scuola di San Giuliano di Puglia gettando scompiglio in decine di paesi vicini all\u2019epicentro. Tra questi anche&#46;&#46;&#46;<\/p>\n","protected":false},"author":1,"featured_media":0,"parent":23,"menu_order":0,"comment_status":"closed","ping_status":"closed","template":"","meta":{"ngg_post_thumbnail":0,"footnotes":""},"class_list":["post-1933","page","type-page","status-publish","hentry"],"_links":{"self":[{"href":"https:\/\/macchiavalfortore.info\/index.php?rest_route=\/wp\/v2\/pages\/1933","targetHints":{"allow":["GET"]}}],"collection":[{"href":"https:\/\/macchiavalfortore.info\/index.php?rest_route=\/wp\/v2\/pages"}],"about":[{"href":"https:\/\/macchiavalfortore.info\/index.php?rest_route=\/wp\/v2\/types\/page"}],"author":[{"embeddable":true,"href":"https:\/\/macchiavalfortore.info\/index.php?rest_route=\/wp\/v2\/users\/1"}],"replies":[{"embeddable":true,"href":"https:\/\/macchiavalfortore.info\/index.php?rest_route=%2Fwp%2Fv2%2Fcomments&post=1933"}],"version-history":[{"count":0,"href":"https:\/\/macchiavalfortore.info\/index.php?rest_route=\/wp\/v2\/pages\/1933\/revisions"}],"up":[{"embeddable":true,"href":"https:\/\/macchiavalfortore.info\/index.php?rest_route=\/wp\/v2\/pages\/23"}],"wp:attachment":[{"href":"https:\/\/macchiavalfortore.info\/index.php?rest_route=%2Fwp%2Fv2%2Fmedia&parent=1933"}],"curies":[{"name":"wp","href":"https:\/\/api.w.org\/{rel}","templated":true}]}}