{"id":1159,"date":"2014-12-06T12:55:33","date_gmt":"2014-12-06T11:55:33","guid":{"rendered":"http:\/\/macchiavalfortore.info\/?page_id=1159"},"modified":"2016-08-14T13:14:53","modified_gmt":"2016-08-14T11:14:53","slug":"la-deco-ceramiche","status":"publish","type":"page","link":"https:\/\/macchiavalfortore.info\/?page_id=1159","title":{"rendered":"la Deco Ceramiche"},"content":{"rendered":"<p>La DECO Ceramiche di Gianni Santone nasce a Campobasso nel 1986.<br \/>\nMa il laboratorio e, principalmente, il luogo dove il maestro trova sempre nuovi spunti per le sue creazioni, \u00e8 a Macchia Valfortore, il paese natio.<br \/>\n<a href=\"https:\/\/macchiavalfortore.info\/wp-content\/uploads\/2014\/12\/Gianni-laboratorio.gif\"><img loading=\"lazy\" decoding=\"async\" class=\"alignleft wp-image-1184 size-medium\" src=\"https:\/\/macchiavalfortore.info\/wp-content\/uploads\/2014\/12\/Gianni-laboratorio-196x300.gif\" alt=\"Gianni laboratorio\" width=\"196\" height=\"300\" \/><\/a>Gianni produce oggettistica e complementi d&#8217;arredo in ceramica\u00a0con l&#8217;aiuto della moglie Patrizia,\u00a0utilizzando tecniche antiche e quindi in maniera assolutamente artigianale.<br \/>\nLa materia prima \u00e8 ovviamente l&#8217;argilla che viene lavorata al tornio o a lastre ma anche:<br \/>\n&#8211; a <em>colombino,<\/em> o <em>lucignolo<\/em>: su\u00a0un lastra di argilla stesa con la forma di base desiderata, si crea la parete aggiungendo lungo il contorno, uno su l&#8217;altro, i\u00a0<em>colombini<\/em>, lunghi e sottili <em>salamini<\/em>\u00a0di argilla. \u00a0Durante la lavorazione si pu\u00f2 dare la forma desiderata all&#8217;oggetto,\u00a0bombata, cilindrica, svasata, conica ed alla fine si liscia la creta per renderne omogenea la superficie;<br \/>\n&#8211; a <em>colaggio<\/em>: si cola dentro uno stampo in gesso l&#8217;argilla liquida;\u00a0Il gesso assorbe l&#8217;acqua attirando a s\u00e9 anche l&#8217;argilla che si \u00a0solidifica sulla parete interna dello stampo con uno spessore che aumenta con il tempo. Quando si valuter\u00e0 adeguato lo spessore si dovr\u00e0 svuotare lo stampo dall&#8217;argilla in eccesso e poi si proceder\u00e0 alla rifinitura.<br \/>\nDopo l&#8217;essiccazione il manufatto viene decorato con la tecnica dell&#8217;engobbio,\u00a0una patina bianca o colorata (grazie all\u2019aggiunta di ossidi metallici) che viene stesa sulla creta cruda e quindi cotto al forno. Ed infine la decorazione a mano e\u00a0l&#8217;ultima cottura.<br \/>\nIl negozio \u00e8 a Campobasso, in Piazzetta Palombo n. 15 con telefono\u00a00874 810 205 ma le ceramiche si possono vedere ed ordinare anche sul sito <a href=\"http:\/\/www.decoceramiche.com\" target=\"_blank\">DECO Ceramiche<\/a><\/p>\n<p>Alcune realizzazioni<br \/>\nngg_shortcode_0_placeholder<\/p>\n<p>La presenza alla Fiera dell&#8217;Artigianato di Milano del 2015<br \/>\nngg_shortcode_1_placeholder<\/p>\n","protected":false},"excerpt":{"rendered":"<p>La DECO Ceramiche di Gianni Santone nasce a Campobasso nel 1986. Ma il laboratorio e, principalmente, il luogo dove il maestro trova sempre nuovi spunti per le sue creazioni, \u00e8 a Macchia Valfortore, il&#46;&#46;&#46;<\/p>\n","protected":false},"author":1,"featured_media":0,"parent":0,"menu_order":0,"comment_status":"closed","ping_status":"closed","template":"","meta":{"ngg_post_thumbnail":0,"footnotes":""},"class_list":["post-1159","page","type-page","status-publish","hentry"],"_links":{"self":[{"href":"https:\/\/macchiavalfortore.info\/index.php?rest_route=\/wp\/v2\/pages\/1159","targetHints":{"allow":["GET"]}}],"collection":[{"href":"https:\/\/macchiavalfortore.info\/index.php?rest_route=\/wp\/v2\/pages"}],"about":[{"href":"https:\/\/macchiavalfortore.info\/index.php?rest_route=\/wp\/v2\/types\/page"}],"author":[{"embeddable":true,"href":"https:\/\/macchiavalfortore.info\/index.php?rest_route=\/wp\/v2\/users\/1"}],"replies":[{"embeddable":true,"href":"https:\/\/macchiavalfortore.info\/index.php?rest_route=%2Fwp%2Fv2%2Fcomments&post=1159"}],"version-history":[{"count":0,"href":"https:\/\/macchiavalfortore.info\/index.php?rest_route=\/wp\/v2\/pages\/1159\/revisions"}],"wp:attachment":[{"href":"https:\/\/macchiavalfortore.info\/index.php?rest_route=%2Fwp%2Fv2%2Fmedia&parent=1159"}],"curies":[{"name":"wp","href":"https:\/\/api.w.org\/{rel}","templated":true}]}}